{"id":84301,"date":"2025-09-04T11:12:57","date_gmt":"2025-09-04T09:12:57","guid":{"rendered":"https:\/\/ccanecblau.valordeley.es\/?page_id=84301"},"modified":"2025-09-04T11:12:57","modified_gmt":"2025-09-04T09:12:57","slug":"serveis","status":"publish","type":"page","link":"https:\/\/www.anecblau.com\/ca\/serveis\/","title":{"rendered":"SERVEIS"},"content":{"rendered":"","protected":false},"excerpt":{"rendered":"","protected":false},"author":6,"featured_media":0,"parent":0,"menu_order":0,"comment_status":"closed","ping_status":"closed","template":"page-servicios.php","meta":{"footnotes":""},"class_list":["post-84301","page","type-page","status-publish","hentry"],"yoast_head":"<!-- This site is optimized with the Yoast SEO plugin v25.4 - https:\/\/yoast.com\/wordpress\/plugins\/seo\/ -->\n<title>SERVEIS | Centro Comercial \u00c0necblau<\/title>\n<meta name=\"description\" content=\"Senti&#039;t com a casa aprofitant tots els serveis, generals i espec\u00edfics per a fam\u00edlies, que des del Centre Comercial \u00c0necblau t&#039;oferim!\" \/>\n<meta name=\"robots\" content=\"index, follow, max-snippet:-1, max-image-preview:large, max-video-preview:-1\" \/>\n<link rel=\"canonical\" href=\"https:\/\/www.anecblau.com\/ca\/serveis\/\" \/>\n<meta property=\"og:locale\" content=\"ca_ES\" \/>\n<meta property=\"og:type\" content=\"article\" \/>\n<meta property=\"og:title\" content=\"SERVEIS | Centro Comercial \u00c0necblau\" \/>\n<meta property=\"og:description\" content=\"Senti&#039;t com a casa aprofitant tots els serveis, generals i espec\u00edfics per a fam\u00edlies, que des del Centre Comercial \u00c0necblau t&#039;oferim!\" \/>\n<meta property=\"og:url\" content=\"https:\/\/www.anecblau.com\/ca\/serveis\/\" \/>\n<meta property=\"og:site_name\" content=\"Centro Comercial \u00c0necblau\" \/>\n<meta name=\"twitter:card\" content=\"summary_large_image\" \/>\n<!-- \/ Yoast SEO plugin. -->","yoast_head_json":{"title":"SERVEIS | Centro Comercial \u00c0necblau","description":"Senti't com a casa aprofitant tots els serveis, generals i espec\u00edfics per a fam\u00edlies, que des del Centre Comercial \u00c0necblau t'oferim!","robots":{"index":"index","follow":"follow","max-snippet":"max-snippet:-1","max-image-preview":"max-image-preview:large","max-video-preview":"max-video-preview:-1"},"canonical":"https:\/\/www.anecblau.com\/ca\/serveis\/","og_locale":"ca_ES","og_type":"article","og_title":"SERVEIS | Centro Comercial \u00c0necblau","og_description":"Senti't com a casa aprofitant tots els serveis, generals i espec\u00edfics per a fam\u00edlies, que des del Centre Comercial \u00c0necblau t'oferim!","og_url":"https:\/\/www.anecblau.com\/ca\/serveis\/","og_site_name":"Centro Comercial \u00c0necblau","twitter_card":"summary_large_image","schema":{"@context":"https:\/\/schema.org","@graph":[{"@type":"WebPage","@id":"https:\/\/www.anecblau.com\/ca\/serveis\/","url":"https:\/\/www.anecblau.com\/ca\/serveis\/","name":"SERVEIS | Centro Comercial \u00c0necblau","isPartOf":{"@id":"https:\/\/www.anecblau.com\/ca\/#website"},"datePublished":"2025-09-04T09:12:57+00:00","description":"Senti't com a casa aprofitant tots els serveis, generals i espec\u00edfics per a fam\u00edlies, que des del Centre Comercial \u00c0necblau t'oferim!","breadcrumb":{"@id":"https:\/\/www.anecblau.com\/ca\/serveis\/#breadcrumb"},"inLanguage":"ca-ES","potentialAction":[{"@type":"ReadAction","target":["https:\/\/www.anecblau.com\/ca\/serveis\/"]}]},{"@type":"BreadcrumbList","@id":"https:\/\/www.anecblau.com\/ca\/serveis\/#breadcrumb","itemListElement":[{"@type":"ListItem","position":1,"name":"Portada","item":"https:\/\/www.anecblau.com\/ca\/"},{"@type":"ListItem","position":2,"name":"SERVEIS"}]},{"@type":"WebSite","@id":"https:\/\/www.anecblau.com\/ca\/#website","url":"https:\/\/www.anecblau.com\/ca\/","name":"Centro Comercial \u00c0necblau","description":"Centro Comercial | \u00c0necblau","publisher":{"@id":"https:\/\/www.anecblau.com\/ca\/#organization"},"potentialAction":[{"@type":"SearchAction","target":{"@type":"EntryPoint","urlTemplate":"https:\/\/www.anecblau.com\/ca\/?s={search_term_string}"},"query-input":{"@type":"PropertyValueSpecification","valueRequired":true,"valueName":"search_term_string"}}],"inLanguage":"ca-ES"},{"@type":"Organization","@id":"https:\/\/www.anecblau.com\/ca\/#organization","name":"Anecblau","alternateName":"Centro Comercial | \u00c0necblau","url":"https:\/\/www.anecblau.com\/ca\/","logo":{"@type":"ImageObject","inLanguage":"ca-ES","@id":"https:\/\/www.anecblau.com\/ca\/#\/schema\/logo\/image\/","url":"https:\/\/www.anecblau.com\/wp-content\/uploads\/2021\/04\/anecblau-logo-diciembrecolor.svg","contentUrl":"https:\/\/www.anecblau.com\/wp-content\/uploads\/2021\/04\/anecblau-logo-diciembrecolor.svg","width":1,"height":1,"caption":"Anecblau"},"image":{"@id":"https:\/\/www.anecblau.com\/ca\/#\/schema\/logo\/image\/"}}]}},"publishpress_future_action":{"enabled":false,"date":"2026-04-21 12:18:03","action":"change-status","newStatus":"draft","terms":[],"taxonomy":"translation_priority"},"publishpress_future_workflow_manual_trigger":{"enabledWorkflows":[]},"_links":{"self":[{"href":"https:\/\/www.anecblau.com\/ca\/wp-json\/wp\/v2\/pages\/84301","targetHints":{"allow":["GET"]}}],"collection":[{"href":"https:\/\/www.anecblau.com\/ca\/wp-json\/wp\/v2\/pages"}],"about":[{"href":"https:\/\/www.anecblau.com\/ca\/wp-json\/wp\/v2\/types\/page"}],"author":[{"embeddable":true,"href":"https:\/\/www.anecblau.com\/ca\/wp-json\/wp\/v2\/users\/6"}],"replies":[{"embeddable":true,"href":"https:\/\/www.anecblau.com\/ca\/wp-json\/wp\/v2\/comments?post=84301"}],"version-history":[{"count":1,"href":"https:\/\/www.anecblau.com\/ca\/wp-json\/wp\/v2\/pages\/84301\/revisions"}],"predecessor-version":[{"id":84302,"href":"https:\/\/www.anecblau.com\/ca\/wp-json\/wp\/v2\/pages\/84301\/revisions\/84302"}],"wp:attachment":[{"href":"https:\/\/www.anecblau.com\/ca\/wp-json\/wp\/v2\/media?parent=84301"}],"curies":[{"name":"wp","href":"https:\/\/api.w.org\/{rel}","templated":true}]}}