{"id":84709,"date":"2025-09-09T09:56:17","date_gmt":"2025-09-09T07:56:17","guid":{"rendered":"https:\/\/ccanecblau.valordeley.es\/?page_id=84709"},"modified":"2025-09-09T09:56:42","modified_gmt":"2025-09-09T07:56:42","slug":"rgpd","status":"publish","type":"page","link":"https:\/\/www.anecblau.com\/ca\/rgpd\/","title":{"rendered":"RGPD"},"content":{"rendered":"\t\t<div data-elementor-type=\"wp-page\" data-elementor-id=\"84709\" class=\"elementor elementor-84709 elementor-2877\">\n\t\t\t\t\t\t<section class=\"elementor-section elementor-top-section elementor-element elementor-element-47fec3d elementor-section-height-min-height elementor-hidden-mobile elementor-hidden-tablet elementor-section-boxed elementor-section-height-default elementor-section-items-middle\" data-id=\"47fec3d\" data-element_type=\"section\" data-settings=\"{&quot;background_background&quot;:&quot;classic&quot;}\">\n\t\t\t\t\t\t<div class=\"elementor-container elementor-column-gap-default\">\n\t\t\t\t\t<div class=\" elementor-column elementor-col-100 elementor-top-column elementor-element elementor-element-083d149\" data-fullscreen-column-settings=\"{&quot;fullscreen&quot;:&quot;&quot;}\" data-id=\"083d149\" data-element_type=\"column\">\n\t\t\t<div class=\"elementor-widget-wrap\">\n\t\t\t\t\t\t\t<\/div>\n\t\t<\/div>\n\t\t\t\t\t<\/div>\n\t\t<\/section>\n\t\t<div class=\"elementor-element elementor-element-7d3910e e-flex e-con-boxed e-con e-parent\" data-id=\"7d3910e\" data-element_type=\"container\" data-settings=\"{&quot;background_background&quot;:&quot;classic&quot;}\">\n\t\t\t\t\t<div class=\"e-con-inner\">\n\t\t<div class=\"elementor-element elementor-element-3a953e8 e-con-full e-flex e-con e-child\" data-id=\"3a953e8\" data-element_type=\"container\">\n\t\t\t\t<div class=\"elementor-element elementor-element-88b4d59 elementor-widget elementor-widget-heading\" data-id=\"88b4d59\" data-element_type=\"widget\" data-widget_type=\"heading.default\">\n\t\t\t\t<div class=\"elementor-widget-container\">\n\t\t\t\t\t<h1 class=\"elementor-heading-title elementor-size-default\">RGPD<\/h1>\t\t\t\t<\/div>\n\t\t\t\t<\/div>\n\t\t\t\t<\/div>\n\t\t\t\t\t<\/div>\n\t\t\t\t<\/div>\n\t\t\t\t<section class=\"elementor-section elementor-top-section elementor-element elementor-element-3812822 elementor-section-boxed elementor-section-height-default elementor-section-height-default\" data-id=\"3812822\" data-element_type=\"section\">\n\t\t\t\t\t\t<div class=\"elementor-container elementor-column-gap-default\">\n\t\t\t\t\t<div class=\" elementor-column elementor-col-100 elementor-top-column elementor-element elementor-element-c567f4b\" data-fullscreen-column-settings=\"{&quot;fullscreen&quot;:&quot;&quot;}\" data-id=\"c567f4b\" data-element_type=\"column\">\n\t\t\t<div class=\"elementor-widget-wrap elementor-element-populated\">\n\t\t\t\t\t\t<div class=\"elementor-element elementor-element-1db68bc elementor-widget elementor-widget-text-editor\" data-id=\"1db68bc\" data-element_type=\"widget\" data-widget_type=\"text-editor.default\">\n\t\t\t\t<div class=\"elementor-widget-container\">\n\t\t\t\t\t\t\t\t\t<p>En LE RETAIL ANECBLAU S.L.U estem actualitzant les condicions del servei ofert i la pol\u00edtica de privacitat pel que fa al tractament de dades de car\u00e0cter personal, de manera que les noves funcions compleixin amb la nova normativa de legislaci\u00f3 de protecci\u00f3 de dades, Reglament (UE) 2016\/679 del Parlament Europeu i del Consell de 27 d\u2019abril de 2016 relatiu a la protecci\u00f3 de les persones f\u00edsiques pel que fa al tractament de dades personals i a la lliure circulaci\u00f3 d\u2019aquestes dades i pel qual es deroga la Directiva 95\/46\/CE (Reglament general de protecci\u00f3 de dades), la seva entrada en vigor \u00e9s el proper 25 de maig de 2018.<\/p><p>El tractament que farem de les teves dades personals ser\u00e0 el que consta a la taula informativa seg\u00fcent:<\/p><table><tbody><tr><td colspan=\"2\">INFORMACI\u00d3 B\u00c0SICA SOBRE LA PROTECCI\u00d3 DE LES SEVES DADES<\/td><\/tr><tr><td>Responsable<\/td><td>LE RETAIL ANECBLAU S.L.U.<\/td><\/tr><tr><td>Finalitat<\/td><td>Incorporar les seves dades personals a una base de dades de clients per a l\u2019enviament de publicitat\/ofertes per compte del Centre Comercial Anec Blau, utilitzant com a mitj\u00e0 el correu electr\u00f2nic i\/o SMS.<\/td><\/tr><tr><td>Legitimaci\u00f3<\/td><td>Inter\u00e8s leg\u00edtim del Responsable<\/td><\/tr><tr><td>Destinataris<\/td><td>LE RETAIL ANECBLAU S.L.U.<br \/>No es cediran dades a tercers, excepte obligaci\u00f3 legal<\/td><\/tr><tr><td>Drets<\/td><td>Acc\u00e9s, rectificaci\u00f3, supressi\u00f3, oposici\u00f3, limitaci\u00f3 del tractament i, si escau, portabilitat de les dades.<\/td><\/tr><tr><td>Exercici de drets<\/td><td>Av. del Canal Ol\u00edmpic, 24, 08860, Castelldefels<\/td><\/tr><tr><td>Proced\u00e8ncia<\/td><td>L\u2019interessat mateix, el seu representant legal.<\/td><\/tr><\/tbody><\/table><h1>INFORMACI\u00d3 ADDICIONAL SOBRE LA PROTECCI\u00d3 DE LES SEVES DADES PERSONALS<\/h1><p>Als efectes previstos en el Reglament (UE) 2016\/679 del Parlament Europeu i del Consell de 27 d\u2019abril de 2016 relatiu a la protecci\u00f3 de les persones f\u00edsiques pel que fa al tractament de dades personals i a la lliure circulaci\u00f3 d\u2019aquestes dades i pel qual es deroga la Directiva 95\/46\/CE (Reglament general de protecci\u00f3 de dades), s\u2019informa que les dades personals proporcionades s\u2019incorporaran (o s\u2019actualitzaran) als fitxers de LE RETAIL ANECBLAU S.L.U., amb adre\u00e7a al carrer Rosario Pino, 14, 28020 \u2013 Madrid.<\/p><p><strong><u>RESPONSABLE DEL FITXER<\/u><\/strong><\/p><p>El fitxer que contindr\u00e0 la informaci\u00f3 facilitada en el formulari \u00e9s propietat de LE RETAIL ANECBLAU S.L.U., amb adre\u00e7a al carrer Rosario Pino, 14, 28020 \u2013 Madrid.<\/p><p>Per a qualsevol informaci\u00f3 addicional pot fer consultes a trav\u00e9s dels mitjans seg\u00fcents:<\/p><ul><li>Tel\u00e8fon: 936 364 243<\/li><li>Correu electr\u00f2nic: <a href=\"mailto:lopd@anecblau.com\">lopd@anecblau.com<\/a><\/li><li>Fax: 936 503 377<\/li><\/ul><p><strong><u>FINALITAT<\/u><\/strong><\/p><p>A LE RETAIL ANECBLAU S.L.U., tractem la informaci\u00f3 que ens faciliten les persones interessades amb la finalitat d\u2019incorporar les seves dades personals a una base de dades de clients per a l\u2019enviament de publicitat\/ofertes per compte de LE RETAIL ANECBLAU S.L.U., utilitzant com a mitj\u00e0 el correu electr\u00f2nic i\/o SMS. No es prendran decisions automatitzades basades en aquest perfil. LE RETAIL ANECBLAU S.L.U. no preveu la transfer\u00e8ncia d\u2019aquestes dades a tercers pa\u00efsos. Les dades personals proporcionades es conservaran mentre no se sol\u00b7liciti la seva supressi\u00f3 per l\u2019interessat i, en aquest darrer cas, sempre que no ho prohibeixi la normativa vigent en mat\u00e8ria de protecci\u00f3 de dades. LE RETAIL ANECBLAU S.L.U. no es fa responsable d\u2019aquelles dades facilitades volunt\u00e0riament i addicionalment i que no siguin requerides, no essent tingudes en compte per a la finalitat descrita.<\/p><p><strong><u>LEGITIMACI\u00d3<\/u><\/strong><\/p><p>La legitimaci\u00f3 del tractament de les seves dades personals es fonamenta en el consentiment de l\u2019interessat. Les dades personals sol\u00b7licitades s\u00f3n de car\u00e0cter obligatori, de manera que la seva no complimentaci\u00f3 suposa la impossibilitat d\u2019incloure-les en els fitxers anteriorment descrits i el compliment de les finalitats definides en el par\u00e0graf anterior.<\/p><p><strong><u>DESTINATARIS<\/u><\/strong><\/p><p>El destinatari de les seves dades personals recollides mitjan\u00e7ant la seg\u00fcent fitxa ser\u00e0 LE RETAIL ANECBLAU S.L.U.,<\/p><p><strong><u>DRETS<\/u><\/strong><\/p><p>Qualsevol persona t\u00e9 dret a obtenir confirmaci\u00f3 sobre si, a LE RETAIL ANECBLAU S.L.U., estem tractant dades personals que la concerneixen, o no.<\/p><p>Les persones interessades tenen dret a accedir a les seves dades personals, aix\u00ed com a sol\u00b7licitar la rectificaci\u00f3 de les dades inexactes o, si escau, sol\u00b7licitar-ne la supressi\u00f3 quan, entre altres motius, les dades ja no siguin necess\u00e0ries per al compliment de les finalitats per les quals van ser recollides i en compliment de la legislaci\u00f3 vigent.<\/p><p>En determinades circumst\u00e0ncies, els interessats podran sol\u00b7licitar la limitaci\u00f3 del tractament de les seves dades, en aquest cas, \u00fanicament es conservaran per a l\u2019exercici o la defensa de reclamacions.<\/p><p>En determinades circumst\u00e0ncies i per motius relacionats amb la seva situaci\u00f3 particular, els interessats podran oposar-se al tractament de les seves dades. LE RETAIL ANECBLAU S.L.U. deixar\u00e0 de tractar les dades, excepte per motius leg\u00edtims imperiosos o en l\u2019exercici o la defensa de possibles reclamacions.<\/p><p>Aix\u00ed mateix, l\u2019interessat t\u00e9 dret a rebre les dades personals que ha facilitat a LE RETAIL ANECBLAU S.L.U., en un format estructurat, d\u2019\u00fas com\u00fa i de lectura mec\u00e0nica. Aquest \u00faltim dret quedar\u00e0 limitat per les condicions seg\u00fcents: que les dades sobre les quals recau aquest dret hagin estat facilitades per la persona interessada; que les seves dades siguin tractades per LE RETAIL ANECBLAU S.L.U. de manera automatitzada (mitjans inform\u00e0tics).<\/p>\t\t\t\t\t\t\t\t<\/div>\n\t\t\t\t<\/div>\n\t\t\t\t\t<\/div>\n\t\t<\/div>\n\t\t\t\t\t<\/div>\n\t\t<\/section>\n\t\t\t\t<\/div>\n\t\t","protected":false},"excerpt":{"rendered":"<p>RGPD En LE RETAIL ANECBLAU S.L.U estem actualitzant les condicions del servei ofert i la pol\u00edtica de privacitat pel que fa al tractament de dades de car\u00e0cter personal, de manera que les noves funcions compleixin amb la nova normativa de legislaci\u00f3 de protecci\u00f3 de dades, Reglament (UE) 2016\/679 del Parlament Europeu i del Consell de [&hellip;]<\/p>\n","protected":false},"author":6,"featured_media":0,"parent":0,"menu_order":0,"comment_status":"closed","ping_status":"closed","template":"","meta":{"footnotes":""},"class_list":["post-84709","page","type-page","status-publish","hentry"],"yoast_head":"<!-- This site is optimized with the Yoast SEO plugin v25.4 - https:\/\/yoast.com\/wordpress\/plugins\/seo\/ -->\n<title>RGPD | Centro Comercial \u00c0necblau<\/title>\n<meta name=\"description\" content=\"RGPD En LE RETAIL ANECBLAU S.L.U estem actualitzant les condicions del servei ofert i la pol\u00edtica de privacitat pel que fa al tractament de dades de\" \/>\n<meta name=\"robots\" content=\"noindex, follow\" \/>\n<meta property=\"og:locale\" content=\"ca_ES\" \/>\n<meta property=\"og:type\" content=\"article\" \/>\n<meta property=\"og:title\" content=\"RGPD | Centro Comercial \u00c0necblau\" \/>\n<meta property=\"og:description\" content=\"RGPD En LE RETAIL ANECBLAU S.L.U estem actualitzant les condicions del servei ofert i la pol\u00edtica de privacitat pel que fa al tractament de dades de\" \/>\n<meta property=\"og:url\" content=\"https:\/\/www.anecblau.com\/ca\/rgpd\/\" \/>\n<meta property=\"og:site_name\" content=\"Centro Comercial \u00c0necblau\" \/>\n<meta property=\"article:modified_time\" content=\"2025-09-09T07:56:42+00:00\" \/>\n<meta name=\"twitter:card\" content=\"summary_large_image\" \/>\n<meta name=\"twitter:label1\" content=\"Est. reading time\" \/>\n\t<meta name=\"twitter:data1\" content=\"5 minutes\" \/>\n<!-- \/ Yoast SEO plugin. -->","yoast_head_json":{"title":"RGPD | Centro Comercial \u00c0necblau","description":"RGPD En LE RETAIL ANECBLAU S.L.U estem actualitzant les condicions del servei ofert i la pol\u00edtica de privacitat pel que fa al tractament de dades de","robots":{"index":"noindex","follow":"follow"},"og_locale":"ca_ES","og_type":"article","og_title":"RGPD | Centro Comercial \u00c0necblau","og_description":"RGPD En LE RETAIL ANECBLAU S.L.U estem actualitzant les condicions del servei ofert i la pol\u00edtica de privacitat pel que fa al tractament de dades de","og_url":"https:\/\/www.anecblau.com\/ca\/rgpd\/","og_site_name":"Centro Comercial \u00c0necblau","article_modified_time":"2025-09-09T07:56:42+00:00","twitter_card":"summary_large_image","twitter_misc":{"Est. reading time":"5 minutes"},"schema":{"@context":"https:\/\/schema.org","@graph":[{"@type":"WebPage","@id":"https:\/\/www.anecblau.com\/ca\/rgpd\/","url":"https:\/\/www.anecblau.com\/ca\/rgpd\/","name":"RGPD | Centro Comercial \u00c0necblau","isPartOf":{"@id":"https:\/\/www.anecblau.com\/ca\/#website"},"datePublished":"2025-09-09T07:56:17+00:00","dateModified":"2025-09-09T07:56:42+00:00","description":"RGPD En LE RETAIL ANECBLAU S.L.U estem actualitzant les condicions del servei ofert i la pol\u00edtica de privacitat pel que fa al tractament de dades de","breadcrumb":{"@id":"https:\/\/www.anecblau.com\/ca\/rgpd\/#breadcrumb"},"inLanguage":"ca-ES","potentialAction":[{"@type":"ReadAction","target":["https:\/\/www.anecblau.com\/ca\/rgpd\/"]}]},{"@type":"BreadcrumbList","@id":"https:\/\/www.anecblau.com\/ca\/rgpd\/#breadcrumb","itemListElement":[{"@type":"ListItem","position":1,"name":"Portada","item":"https:\/\/www.anecblau.com\/ca\/"},{"@type":"ListItem","position":2,"name":"RGPD"}]},{"@type":"WebSite","@id":"https:\/\/www.anecblau.com\/ca\/#website","url":"https:\/\/www.anecblau.com\/ca\/","name":"Centro Comercial \u00c0necblau","description":"Centro Comercial | \u00c0necblau","publisher":{"@id":"https:\/\/www.anecblau.com\/ca\/#organization"},"potentialAction":[{"@type":"SearchAction","target":{"@type":"EntryPoint","urlTemplate":"https:\/\/www.anecblau.com\/ca\/?s={search_term_string}"},"query-input":{"@type":"PropertyValueSpecification","valueRequired":true,"valueName":"search_term_string"}}],"inLanguage":"ca-ES"},{"@type":"Organization","@id":"https:\/\/www.anecblau.com\/ca\/#organization","name":"Anecblau","alternateName":"Centro Comercial | \u00c0necblau","url":"https:\/\/www.anecblau.com\/ca\/","logo":{"@type":"ImageObject","inLanguage":"ca-ES","@id":"https:\/\/www.anecblau.com\/ca\/#\/schema\/logo\/image\/","url":"https:\/\/www.anecblau.com\/wp-content\/uploads\/2021\/04\/anecblau-logo-diciembrecolor.svg","contentUrl":"https:\/\/www.anecblau.com\/wp-content\/uploads\/2021\/04\/anecblau-logo-diciembrecolor.svg","width":1,"height":1,"caption":"Anecblau"},"image":{"@id":"https:\/\/www.anecblau.com\/ca\/#\/schema\/logo\/image\/"}}]}},"publishpress_future_action":{"enabled":false,"date":"2026-05-12 11:32:56","action":"change-status","newStatus":"draft","terms":[],"taxonomy":"translation_priority"},"publishpress_future_workflow_manual_trigger":{"enabledWorkflows":[]},"_links":{"self":[{"href":"https:\/\/www.anecblau.com\/ca\/wp-json\/wp\/v2\/pages\/84709","targetHints":{"allow":["GET"]}}],"collection":[{"href":"https:\/\/www.anecblau.com\/ca\/wp-json\/wp\/v2\/pages"}],"about":[{"href":"https:\/\/www.anecblau.com\/ca\/wp-json\/wp\/v2\/types\/page"}],"author":[{"embeddable":true,"href":"https:\/\/www.anecblau.com\/ca\/wp-json\/wp\/v2\/users\/6"}],"replies":[{"embeddable":true,"href":"https:\/\/www.anecblau.com\/ca\/wp-json\/wp\/v2\/comments?post=84709"}],"version-history":[{"count":4,"href":"https:\/\/www.anecblau.com\/ca\/wp-json\/wp\/v2\/pages\/84709\/revisions"}],"predecessor-version":[{"id":84713,"href":"https:\/\/www.anecblau.com\/ca\/wp-json\/wp\/v2\/pages\/84709\/revisions\/84713"}],"wp:attachment":[{"href":"https:\/\/www.anecblau.com\/ca\/wp-json\/wp\/v2\/media?parent=84709"}],"curies":[{"name":"wp","href":"https:\/\/api.w.org\/{rel}","templated":true}]}}