{"id":84727,"date":"2025-09-09T10:36:01","date_gmt":"2025-09-09T08:36:01","guid":{"rendered":"https:\/\/ccanecblau.valordeley.es\/?page_id=84727"},"modified":"2025-09-09T10:36:13","modified_gmt":"2025-09-09T08:36:13","slug":"serveis","status":"publish","type":"page","link":"https:\/\/www.anecblau.com\/ca\/botigues\/serveis\/","title":{"rendered":"Serveis a Castelldefels"},"content":{"rendered":"<p style=\"text-align: center;\">Al nostre centre comercial trobar\u00e0s una \u00e0mplia varietat de botigues que et permetran gaudir de moments \u00fanics i plens de diversi\u00f3. Des de botigues de llibres i m\u00fasica, fins a botigues de videojocs i sales de cinema amb les darreres pel\u00b7l\u00edcules en cartellera. A \u00c0necblau trobar\u00e0s tot el que necessites per gaudir del teu temps lliure. A m\u00e9s, comptem amb una gran oferta de restaurants i bars perqu\u00e8 puguis gaudir d&#8217;un delici\u00f3s dinar o sopar despr\u00e9s d&#8217;un dia de compres. Vine a visitar-nos i descobreix tot all\u00f2 que tenim per a tu!<\/p>\n","protected":false},"excerpt":{"rendered":"<p>Al nostre centre comercial trobar\u00e0s una \u00e0mplia varietat de botigues que et permetran gaudir de moments \u00fanics i plens de diversi\u00f3. Des de botigues de llibres i m\u00fasica, fins a botigues de videojocs i sales de cinema amb les darreres pel\u00b7l\u00edcules en cartellera. A \u00c0necblau trobar\u00e0s tot el que necessites per gaudir del teu temps [&hellip;]<\/p>\n","protected":false},"author":6,"featured_media":0,"parent":84719,"menu_order":0,"comment_status":"closed","ping_status":"closed","template":"page-tiendas.php","meta":{"footnotes":""},"class_list":["post-84727","page","type-page","status-publish","hentry"],"yoast_head":"<!-- This site is optimized with the Yoast SEO plugin v25.4 - https:\/\/yoast.com\/wordpress\/plugins\/seo\/ -->\n<title>Serveis a Castelldefels | \u00c0necblau<\/title>\n<meta name=\"description\" content=\"Al nostre centre comercial trobar\u00e0s una \u00e0mplia varietat de botigues que et permetran gaudir de moments \u00fanics i plens de diversi\u00f3.\" \/>\n<meta name=\"robots\" content=\"index, follow, max-snippet:-1, max-image-preview:large, max-video-preview:-1\" \/>\n<link rel=\"canonical\" href=\"https:\/\/www.anecblau.com\/ca\/botigues\/serveis\/\" \/>\n<meta property=\"og:locale\" content=\"ca_ES\" \/>\n<meta property=\"og:type\" content=\"article\" \/>\n<meta property=\"og:title\" content=\"Serveis a Castelldefels | \u00c0necblau\" \/>\n<meta property=\"og:description\" content=\"Al nostre centre comercial trobar\u00e0s una \u00e0mplia varietat de botigues que et permetran gaudir de moments \u00fanics i plens de diversi\u00f3.\" \/>\n<meta property=\"og:url\" content=\"https:\/\/www.anecblau.com\/ca\/botigues\/serveis\/\" \/>\n<meta property=\"og:site_name\" content=\"Centro Comercial \u00c0necblau\" \/>\n<meta property=\"article:modified_time\" content=\"2025-09-09T08:36:13+00:00\" \/>\n<meta name=\"twitter:card\" content=\"summary_large_image\" \/>\n<meta name=\"twitter:label1\" content=\"Est. reading time\" \/>\n\t<meta name=\"twitter:data1\" content=\"1 minute\" \/>\n<!-- \/ Yoast SEO plugin. -->","yoast_head_json":{"title":"Serveis a Castelldefels | \u00c0necblau","description":"Al nostre centre comercial trobar\u00e0s una \u00e0mplia varietat de botigues que et permetran gaudir de moments \u00fanics i plens de diversi\u00f3.","robots":{"index":"index","follow":"follow","max-snippet":"max-snippet:-1","max-image-preview":"max-image-preview:large","max-video-preview":"max-video-preview:-1"},"canonical":"https:\/\/www.anecblau.com\/ca\/botigues\/serveis\/","og_locale":"ca_ES","og_type":"article","og_title":"Serveis a Castelldefels | \u00c0necblau","og_description":"Al nostre centre comercial trobar\u00e0s una \u00e0mplia varietat de botigues que et permetran gaudir de moments \u00fanics i plens de diversi\u00f3.","og_url":"https:\/\/www.anecblau.com\/ca\/botigues\/serveis\/","og_site_name":"Centro Comercial \u00c0necblau","article_modified_time":"2025-09-09T08:36:13+00:00","twitter_card":"summary_large_image","twitter_misc":{"Est. reading time":"1 minute"},"schema":{"@context":"https:\/\/schema.org","@graph":[{"@type":"WebPage","@id":"https:\/\/www.anecblau.com\/ca\/botigues\/serveis\/","url":"https:\/\/www.anecblau.com\/ca\/botigues\/serveis\/","name":"Serveis a Castelldefels | \u00c0necblau","isPartOf":{"@id":"https:\/\/www.anecblau.com\/ca\/#website"},"datePublished":"2025-09-09T08:36:01+00:00","dateModified":"2025-09-09T08:36:13+00:00","description":"Al nostre centre comercial trobar\u00e0s una \u00e0mplia varietat de botigues que et permetran gaudir de moments \u00fanics i plens de diversi\u00f3.","breadcrumb":{"@id":"https:\/\/www.anecblau.com\/ca\/botigues\/serveis\/#breadcrumb"},"inLanguage":"ca-ES","potentialAction":[{"@type":"ReadAction","target":["https:\/\/www.anecblau.com\/ca\/botigues\/serveis\/"]}]},{"@type":"BreadcrumbList","@id":"https:\/\/www.anecblau.com\/ca\/botigues\/serveis\/#breadcrumb","itemListElement":[{"@type":"ListItem","position":1,"name":"Portada","item":"https:\/\/www.anecblau.com\/ca\/"},{"@type":"ListItem","position":2,"name":"Botigues Castelldefels","item":"https:\/\/www.anecblau.com\/ca\/botigues\/"},{"@type":"ListItem","position":3,"name":"Serveis a Castelldefels"}]},{"@type":"WebSite","@id":"https:\/\/www.anecblau.com\/ca\/#website","url":"https:\/\/www.anecblau.com\/ca\/","name":"Centro Comercial \u00c0necblau","description":"Centro Comercial | \u00c0necblau","publisher":{"@id":"https:\/\/www.anecblau.com\/ca\/#organization"},"potentialAction":[{"@type":"SearchAction","target":{"@type":"EntryPoint","urlTemplate":"https:\/\/www.anecblau.com\/ca\/?s={search_term_string}"},"query-input":{"@type":"PropertyValueSpecification","valueRequired":true,"valueName":"search_term_string"}}],"inLanguage":"ca-ES"},{"@type":"Organization","@id":"https:\/\/www.anecblau.com\/ca\/#organization","name":"Anecblau","alternateName":"Centro Comercial | \u00c0necblau","url":"https:\/\/www.anecblau.com\/ca\/","logo":{"@type":"ImageObject","inLanguage":"ca-ES","@id":"https:\/\/www.anecblau.com\/ca\/#\/schema\/logo\/image\/","url":"https:\/\/www.anecblau.com\/wp-content\/uploads\/2021\/04\/anecblau-logo-diciembrecolor.svg","contentUrl":"https:\/\/www.anecblau.com\/wp-content\/uploads\/2021\/04\/anecblau-logo-diciembrecolor.svg","width":1,"height":1,"caption":"Anecblau"},"image":{"@id":"https:\/\/www.anecblau.com\/ca\/#\/schema\/logo\/image\/"}}]}},"publishpress_future_action":{"enabled":false,"date":"2026-05-11 12:53:28","action":"change-status","newStatus":"draft","terms":[],"taxonomy":"translation_priority"},"publishpress_future_workflow_manual_trigger":{"enabledWorkflows":[]},"_links":{"self":[{"href":"https:\/\/www.anecblau.com\/ca\/wp-json\/wp\/v2\/pages\/84727","targetHints":{"allow":["GET"]}}],"collection":[{"href":"https:\/\/www.anecblau.com\/ca\/wp-json\/wp\/v2\/pages"}],"about":[{"href":"https:\/\/www.anecblau.com\/ca\/wp-json\/wp\/v2\/types\/page"}],"author":[{"embeddable":true,"href":"https:\/\/www.anecblau.com\/ca\/wp-json\/wp\/v2\/users\/6"}],"replies":[{"embeddable":true,"href":"https:\/\/www.anecblau.com\/ca\/wp-json\/wp\/v2\/comments?post=84727"}],"version-history":[{"count":1,"href":"https:\/\/www.anecblau.com\/ca\/wp-json\/wp\/v2\/pages\/84727\/revisions"}],"predecessor-version":[{"id":84728,"href":"https:\/\/www.anecblau.com\/ca\/wp-json\/wp\/v2\/pages\/84727\/revisions\/84728"}],"up":[{"embeddable":true,"href":"https:\/\/www.anecblau.com\/ca\/wp-json\/wp\/v2\/pages\/84719"}],"wp:attachment":[{"href":"https:\/\/www.anecblau.com\/ca\/wp-json\/wp\/v2\/media?parent=84727"}],"curies":[{"name":"wp","href":"https:\/\/api.w.org\/{rel}","templated":true}]}}