{"id":84745,"date":"2025-09-09T11:27:38","date_gmt":"2025-09-09T09:27:38","guid":{"rendered":"https:\/\/ccanecblau.valordeley.es\/?page_id=84745"},"modified":"2025-09-09T11:27:38","modified_gmt":"2025-09-09T09:27:38","slug":"esports","status":"publish","type":"page","link":"https:\/\/www.anecblau.com\/ca\/botigues\/esports\/","title":{"rendered":"Botigues d\u00b4esports a Castelldefels"},"content":{"rendered":"<p style=\"text-align: center;\">Busques l&#8217;outfit perfecte per anar al gimn\u00e0s o per a la propera sessi\u00f3 d&#8217;entrenament a l&#8217;aire lliure? A \u00c0necblau tenim tot el que necessites per lluir-te amb estil mentre et mantens en forma. Descobreix la nostra \u00e0mplia selecci\u00f3 de roba esportiva de les millors marques, des de leggings i tops fins a sabatilles i accessoris. Vine a visitar-nos i prepara&#8217;t per arrasar a les teves sessions d&#8217;entrenament!<\/p>\n","protected":false},"excerpt":{"rendered":"<p>Busques l&#8217;outfit perfecte per anar al gimn\u00e0s o per a la propera sessi\u00f3 d&#8217;entrenament a l&#8217;aire lliure? A \u00c0necblau tenim tot el que necessites per lluir-te amb estil mentre et mantens en forma. Descobreix la nostra \u00e0mplia selecci\u00f3 de roba esportiva de les millors marques, des de leggings i tops fins a sabatilles i accessoris. [&hellip;]<\/p>\n","protected":false},"author":6,"featured_media":0,"parent":84719,"menu_order":0,"comment_status":"closed","ping_status":"closed","template":"page-tiendas.php","meta":{"footnotes":""},"class_list":["post-84745","page","type-page","status-publish","hentry"],"yoast_head":"<!-- This site is optimized with the Yoast SEO plugin v25.4 - https:\/\/yoast.com\/wordpress\/plugins\/seo\/ -->\n<title>Tiendas de deporte en Castelldefels | \u00c0necblau<\/title>\n<meta name=\"description\" content=\"Busques l&#039;outfit perfecte per anar al gimn\u00e0s o per a la propera sessi\u00f3 d&#039;entrenament a l&#039;aire lliure?\" \/>\n<meta name=\"robots\" content=\"index, follow, max-snippet:-1, max-image-preview:large, max-video-preview:-1\" \/>\n<link rel=\"canonical\" href=\"https:\/\/www.anecblau.com\/ca\/botigues\/esports\/\" \/>\n<meta property=\"og:locale\" content=\"ca_ES\" \/>\n<meta property=\"og:type\" content=\"article\" \/>\n<meta property=\"og:title\" content=\"Tiendas de deporte en Castelldefels | \u00c0necblau\" \/>\n<meta property=\"og:description\" content=\"Busques l&#039;outfit perfecte per anar al gimn\u00e0s o per a la propera sessi\u00f3 d&#039;entrenament a l&#039;aire lliure?\" \/>\n<meta property=\"og:url\" content=\"https:\/\/www.anecblau.com\/ca\/botigues\/esports\/\" \/>\n<meta property=\"og:site_name\" content=\"Centro Comercial \u00c0necblau\" \/>\n<meta name=\"twitter:card\" content=\"summary_large_image\" \/>\n<meta name=\"twitter:label1\" content=\"Est. reading time\" \/>\n\t<meta name=\"twitter:data1\" content=\"1 minute\" \/>\n<!-- \/ Yoast SEO plugin. -->","yoast_head_json":{"title":"Tiendas de deporte en Castelldefels | \u00c0necblau","description":"Busques l'outfit perfecte per anar al gimn\u00e0s o per a la propera sessi\u00f3 d'entrenament a l'aire lliure?","robots":{"index":"index","follow":"follow","max-snippet":"max-snippet:-1","max-image-preview":"max-image-preview:large","max-video-preview":"max-video-preview:-1"},"canonical":"https:\/\/www.anecblau.com\/ca\/botigues\/esports\/","og_locale":"ca_ES","og_type":"article","og_title":"Tiendas de deporte en Castelldefels | \u00c0necblau","og_description":"Busques l'outfit perfecte per anar al gimn\u00e0s o per a la propera sessi\u00f3 d'entrenament a l'aire lliure?","og_url":"https:\/\/www.anecblau.com\/ca\/botigues\/esports\/","og_site_name":"Centro Comercial \u00c0necblau","twitter_card":"summary_large_image","twitter_misc":{"Est. reading time":"1 minute"},"schema":{"@context":"https:\/\/schema.org","@graph":[{"@type":"WebPage","@id":"https:\/\/www.anecblau.com\/ca\/botigues\/esports\/","url":"https:\/\/www.anecblau.com\/ca\/botigues\/esports\/","name":"Tiendas de deporte en Castelldefels | \u00c0necblau","isPartOf":{"@id":"https:\/\/www.anecblau.com\/ca\/#website"},"datePublished":"2025-09-09T09:27:38+00:00","description":"Busques l'outfit perfecte per anar al gimn\u00e0s o per a la propera sessi\u00f3 d'entrenament a l'aire lliure?","breadcrumb":{"@id":"https:\/\/www.anecblau.com\/ca\/botigues\/esports\/#breadcrumb"},"inLanguage":"ca-ES","potentialAction":[{"@type":"ReadAction","target":["https:\/\/www.anecblau.com\/ca\/botigues\/esports\/"]}]},{"@type":"BreadcrumbList","@id":"https:\/\/www.anecblau.com\/ca\/botigues\/esports\/#breadcrumb","itemListElement":[{"@type":"ListItem","position":1,"name":"Portada","item":"https:\/\/www.anecblau.com\/ca\/"},{"@type":"ListItem","position":2,"name":"Botigues Castelldefels","item":"https:\/\/www.anecblau.com\/ca\/botigues\/"},{"@type":"ListItem","position":3,"name":"Botigues d\u00b4esports a Castelldefels"}]},{"@type":"WebSite","@id":"https:\/\/www.anecblau.com\/ca\/#website","url":"https:\/\/www.anecblau.com\/ca\/","name":"Centro Comercial \u00c0necblau","description":"Centro Comercial | \u00c0necblau","publisher":{"@id":"https:\/\/www.anecblau.com\/ca\/#organization"},"potentialAction":[{"@type":"SearchAction","target":{"@type":"EntryPoint","urlTemplate":"https:\/\/www.anecblau.com\/ca\/?s={search_term_string}"},"query-input":{"@type":"PropertyValueSpecification","valueRequired":true,"valueName":"search_term_string"}}],"inLanguage":"ca-ES"},{"@type":"Organization","@id":"https:\/\/www.anecblau.com\/ca\/#organization","name":"Anecblau","alternateName":"Centro Comercial | \u00c0necblau","url":"https:\/\/www.anecblau.com\/ca\/","logo":{"@type":"ImageObject","inLanguage":"ca-ES","@id":"https:\/\/www.anecblau.com\/ca\/#\/schema\/logo\/image\/","url":"https:\/\/www.anecblau.com\/wp-content\/uploads\/2021\/04\/anecblau-logo-diciembrecolor.svg","contentUrl":"https:\/\/www.anecblau.com\/wp-content\/uploads\/2021\/04\/anecblau-logo-diciembrecolor.svg","width":1,"height":1,"caption":"Anecblau"},"image":{"@id":"https:\/\/www.anecblau.com\/ca\/#\/schema\/logo\/image\/"}}]}},"publishpress_future_action":{"enabled":false,"date":"2026-04-12 05:01:59","action":"change-status","newStatus":"draft","terms":[],"taxonomy":"translation_priority"},"publishpress_future_workflow_manual_trigger":{"enabledWorkflows":[]},"_links":{"self":[{"href":"https:\/\/www.anecblau.com\/ca\/wp-json\/wp\/v2\/pages\/84745","targetHints":{"allow":["GET"]}}],"collection":[{"href":"https:\/\/www.anecblau.com\/ca\/wp-json\/wp\/v2\/pages"}],"about":[{"href":"https:\/\/www.anecblau.com\/ca\/wp-json\/wp\/v2\/types\/page"}],"author":[{"embeddable":true,"href":"https:\/\/www.anecblau.com\/ca\/wp-json\/wp\/v2\/users\/6"}],"replies":[{"embeddable":true,"href":"https:\/\/www.anecblau.com\/ca\/wp-json\/wp\/v2\/comments?post=84745"}],"version-history":[{"count":1,"href":"https:\/\/www.anecblau.com\/ca\/wp-json\/wp\/v2\/pages\/84745\/revisions"}],"predecessor-version":[{"id":84746,"href":"https:\/\/www.anecblau.com\/ca\/wp-json\/wp\/v2\/pages\/84745\/revisions\/84746"}],"up":[{"embeddable":true,"href":"https:\/\/www.anecblau.com\/ca\/wp-json\/wp\/v2\/pages\/84719"}],"wp:attachment":[{"href":"https:\/\/www.anecblau.com\/ca\/wp-json\/wp\/v2\/media?parent=84745"}],"curies":[{"name":"wp","href":"https:\/\/api.w.org\/{rel}","templated":true}]}}