{"id":84768,"date":"2025-09-09T12:04:55","date_gmt":"2025-09-09T10:04:55","guid":{"rendered":"https:\/\/ccanecblau.valordeley.es\/?page_id=84768"},"modified":"2025-09-09T12:05:34","modified_gmt":"2025-09-09T10:05:34","slug":"aspectos-esenciales-club-de-los-disfrutones","status":"publish","type":"page","link":"https:\/\/www.anecblau.com\/ca\/aspectos-esenciales-club-de-los-disfrutones\/","title":{"rendered":"Aspectos Esenciales Club de los Disfrutones"},"content":{"rendered":"\t\t<div data-elementor-type=\"wp-page\" data-elementor-id=\"84768\" class=\"elementor elementor-84768 elementor-79688\">\n\t\t\t\t\t\t<section class=\"elementor-section elementor-top-section elementor-element elementor-element-cd655c2 elementor-section-height-min-height elementor-hidden-mobile elementor-hidden-tablet elementor-section-boxed elementor-section-height-default elementor-section-items-middle\" data-id=\"cd655c2\" data-element_type=\"section\" data-settings=\"{&quot;background_background&quot;:&quot;classic&quot;}\">\n\t\t\t\t\t\t<div class=\"elementor-container elementor-column-gap-default\">\n\t\t\t\t\t<div class=\" elementor-column elementor-col-100 elementor-top-column elementor-element elementor-element-2a13eaf\" data-fullscreen-column-settings=\"{&quot;fullscreen&quot;:&quot;&quot;}\" data-id=\"2a13eaf\" data-element_type=\"column\">\n\t\t\t<div class=\"elementor-widget-wrap\">\n\t\t\t\t\t\t\t<\/div>\n\t\t<\/div>\n\t\t\t\t\t<\/div>\n\t\t<\/section>\n\t\t\t\t<section class=\"elementor-section elementor-top-section elementor-element elementor-element-fb39c9b elementor-section-content-middle elementor-section-boxed elementor-section-height-default elementor-section-height-default\" data-id=\"fb39c9b\" data-element_type=\"section\" data-settings=\"{&quot;background_background&quot;:&quot;classic&quot;}\">\n\t\t\t\t\t\t<div class=\"elementor-container elementor-column-gap-default\">\n\t\t\t\t\t<div class=\" elementor-column elementor-col-100 elementor-top-column elementor-element elementor-element-8c5abb3\" data-fullscreen-column-settings=\"{&quot;fullscreen&quot;:&quot;&quot;}\" data-id=\"8c5abb3\" data-element_type=\"column\">\n\t\t\t<div class=\"elementor-widget-wrap elementor-element-populated\">\n\t\t\t\t\t\t<div class=\"elementor-element elementor-element-ddb3fdf elementor-widget elementor-widget-text-editor\" data-id=\"ddb3fdf\" data-element_type=\"widget\" data-widget_type=\"text-editor.default\">\n\t\t\t\t<div class=\"elementor-widget-container\">\n\t\t\t\t\t\t\t\t\t<p><span style=\"white-space-collapse: preserve;\">Aspectes essencials club dels gaudiments<\/span><\/p>\t\t\t\t\t\t\t\t<\/div>\n\t\t\t\t<\/div>\n\t\t\t\t<div class=\"elementor-element elementor-element-fa1c3ae elementor-widget elementor-widget-text-editor\" data-id=\"fa1c3ae\" data-element_type=\"widget\" data-widget_type=\"text-editor.default\">\n\t\t\t\t<div class=\"elementor-widget-container\">\n\t\t\t\t\t\t\t\t\t<p><strong>ASPECTES ESSENCIALS DE L\u2019ACORD DE CORRESPONSABILITAT ENTRE GRUPO LAR INVERSIONES INMOBILIARIAS, COMUNITAT DE PROPIETARIS DEL C.C. PORTAL DE LA MARINA, C.C. LAGOH, COMUNITAT DE PROPIETARIS DEL C.C. ALBACENTER, ENTITAT DE GESTI\u00d3 DE DESPESES COMUNES DEL C.C. ANECBLAU, LE RETAIL EL ROSAL, S.L., COMUNITAT DE PROPIETARIS DEL C.C. AS TERMAS I LE RETAIL GRAN V\u00cdA DE VIGO, S.L.<\/strong><\/p><p>De conformitat amb el que disposa l\u2019art. 26 del Reglament (UE) 2016\/679 RGPD, les entitats anteriorment indicades informen l\u2019interessat dels seg\u00fcents aspectes essencials del seu acord de corresponsabilitat:<\/p><p><strong>OBJECTE<\/strong>.- Les parts determinen conjuntament els objectius i els mitjans del tractament necessaris per a la posada en marxa i funcionament del Club Disfrutones, incloent-hi les iniciatives que es llan\u00e7aran als membres del Club.<\/p><p><strong>FINALITAT DEL TRACTAMENT DEL REGISTRE D\u2019ACTIVITAT \u201cSOCIS CLUB DISFRUTONES\u201d.- <\/strong>La finalitat del tractament de les dades personals \u00e9s:<\/p><p><strong>1.<\/strong> Mantenir informats els Socis de totes les novetats, activitats i serveis que realitzen les entitats corresponsables, mitjan\u00e7ant l\u2019enviament de comunicacions peri\u00f2diques, a trav\u00e9s de segmentaci\u00f3 i\/o elaboraci\u00f3 de perfils.<\/p><p><strong>2.<\/strong> Registrar l\u2019alta de les persones interessades a pert\u00e0nyer al Club.<\/p><p><strong>3.<\/strong> Prevenir i comunicar als socis qualsevol incid\u00e8ncia de seguretat que es pogu\u00e9s produir en el sistema on es tracten les dades.<\/p><p><strong>4.<\/strong> Resoluci\u00f3 de problemes t\u00e8cnics de funcionament de la secci\u00f3 El Meu Compte.<\/p><p><strong>5.<\/strong> Atendre les sol\u00b7licituds d\u2019informaci\u00f3 i\/o suggeriments realitzats pels socis.<\/p><p><strong>6.<\/strong> Atendre possibles exercicis de drets presentats pels socis.<\/p><p><strong>RESPONSABILITATS RESPECTIVES DELS CORRESPONSABLES.<\/strong><\/p><p><strong>1.<\/strong> <u>Les respectives obligacions de subministrament d\u2019informaci\u00f3 obligat\u00f2ria indicades als articles 13 i 14 RGPD<\/u>: Pel que fa a les condicions generals de funcionament del Club, tots els corresponsables cooperen en la redacci\u00f3 de la informaci\u00f3 obligat\u00f2ria, comuna a tots ells, i a trav\u00e9s dels encarregats de tractament (comuns a tots els responsables).<\/p><p>Aquesta informaci\u00f3 general \u00e9s facilitada a cada soci en el moment de la seva alta al Club, independentment del centre on es dugui a terme l\u2019alta.<\/p><p>Pel que fa a la informaci\u00f3 que es facilitar\u00e0 en la inscripci\u00f3 a esdeveniments concrets (per exemple, participaci\u00f3 en sortejos), cada responsable s\u2019encarregar\u00e0 de facilitar la informaci\u00f3 corresponent, d\u2019acord amb els articles 13 i 14 del RGPD, en el moment en qu\u00e8 es realitzi la inscripci\u00f3.<\/p><p><strong>2.<\/strong> <u>Responsabilitats quant a l\u2019exercici dels drets de l\u2019interessat<\/u>: S\u2019encarregar\u00e0 de la resoluci\u00f3 dels exercicis de drets, formulats per qualsevol interessat, de qualsevol dels drets indicats als articles 15 a 22 RGPD, \u00e9s a dir, drets d\u2019acc\u00e9s, rectificaci\u00f3, supressi\u00f3 o dret a l\u2019oblit, limitaci\u00f3, portabilitat i oposici\u00f3; aix\u00ed com de decisions individuals automatitzades, inclosa l\u2019elaboraci\u00f3 de perfils, el corresponsable en el centre del qual el soci hagi activat la seva pertinen\u00e7a al Club.<\/p><p>Tanmateix, cal tenir en compte que als interessats els assisteix el dret de poder adre\u00e7ar la seva sol\u00b7licitud, per poder exercir aquests drets davant, i en contra, de qualsevol dels corresponsables.<\/p><p>Cada una de les parts, en la mesura que tractin dades de l\u2019interessat que faci la sol\u00b7licitud, facilitaran l\u2019atenci\u00f3 d\u2019aquests drets per part del corresponsable encarregat de la seva atenci\u00f3.<\/p><p><strong>3.<\/strong> <u>Punt de contacte per als interessats<\/u>: Els punts de contacte per als interessats que vulguin exercir els seus drets seran Grupo Lar Inversiones Inmobiliarias i el centre comercial en qu\u00e8 hagin realitzat l\u2019alta i\/o l\u2019hagin activada.<\/p><p>Per facilitar-ne l\u2019exercici, els exercicis de drets es centralitzaran a l\u2019adre\u00e7a de correu electr\u00f2nic <a href=\"mailto:hola@elclubdelosdisfrutones.com\">hola@elclubdelosdisfrutones.com<\/a>, aix\u00ed com a la secci\u00f3 corresponent a l\u2019\u00e0rea privada El Meu Compte.<\/p>\t\t\t\t\t\t\t\t<\/div>\n\t\t\t\t<\/div>\n\t\t\t\t\t<\/div>\n\t\t<\/div>\n\t\t\t\t\t<\/div>\n\t\t<\/section>\n\t\t\t\t<\/div>\n\t\t","protected":false},"excerpt":{"rendered":"<p>Aspectes essencials club dels gaudiments ASPECTES ESSENCIALS DE L\u2019ACORD DE CORRESPONSABILITAT ENTRE GRUPO LAR INVERSIONES INMOBILIARIAS, COMUNITAT DE PROPIETARIS DEL C.C. PORTAL DE LA MARINA, C.C. LAGOH, COMUNITAT DE PROPIETARIS DEL C.C. ALBACENTER, ENTITAT DE GESTI\u00d3 DE DESPESES COMUNES DEL C.C. ANECBLAU, LE RETAIL EL ROSAL, S.L., COMUNITAT DE PROPIETARIS DEL C.C. AS TERMAS I [&hellip;]<\/p>\n","protected":false},"author":6,"featured_media":0,"parent":0,"menu_order":233,"comment_status":"closed","ping_status":"closed","template":"","meta":{"footnotes":""},"class_list":["post-84768","page","type-page","status-publish","hentry"],"yoast_head":"<!-- This site is optimized with the Yoast SEO plugin v25.4 - https:\/\/yoast.com\/wordpress\/plugins\/seo\/ -->\n<title>Aspectos Esenciales Club de los Disfrutones | Centro Comercial \u00c0necblau<\/title>\n<meta name=\"description\" content=\"Aspectes essencials club dels gaudimentsASPECTES ESSENCIALS DE L\u2019ACORD DE CORRESPONSABILITAT ENTRE GRUPO LAR INVERSIONES INMOBILIARIAS, COMUNITAT DE\" \/>\n<meta name=\"robots\" content=\"index, follow, max-snippet:-1, max-image-preview:large, max-video-preview:-1\" \/>\n<link rel=\"canonical\" href=\"https:\/\/www.anecblau.com\/ca\/aspectos-esenciales-club-de-los-disfrutones\/\" \/>\n<meta property=\"og:locale\" content=\"ca_ES\" \/>\n<meta property=\"og:type\" content=\"article\" \/>\n<meta property=\"og:title\" content=\"Aspectos Esenciales Club de los Disfrutones | Centro Comercial \u00c0necblau\" \/>\n<meta property=\"og:description\" content=\"Aspectes essencials club dels gaudimentsASPECTES ESSENCIALS DE L\u2019ACORD DE CORRESPONSABILITAT ENTRE GRUPO LAR INVERSIONES INMOBILIARIAS, COMUNITAT DE\" \/>\n<meta property=\"og:url\" content=\"https:\/\/www.anecblau.com\/ca\/aspectos-esenciales-club-de-los-disfrutones\/\" \/>\n<meta property=\"og:site_name\" content=\"Centro Comercial \u00c0necblau\" \/>\n<meta property=\"article:modified_time\" content=\"2025-09-09T10:05:34+00:00\" \/>\n<meta name=\"twitter:card\" content=\"summary_large_image\" \/>\n<meta name=\"twitter:label1\" content=\"Est. reading time\" \/>\n\t<meta name=\"twitter:data1\" content=\"4 minutes\" \/>\n<!-- \/ Yoast SEO plugin. -->","yoast_head_json":{"title":"Aspectos Esenciales Club de los Disfrutones | Centro Comercial \u00c0necblau","description":"Aspectes essencials club dels gaudimentsASPECTES ESSENCIALS DE L\u2019ACORD DE CORRESPONSABILITAT ENTRE GRUPO LAR INVERSIONES INMOBILIARIAS, COMUNITAT DE","robots":{"index":"index","follow":"follow","max-snippet":"max-snippet:-1","max-image-preview":"max-image-preview:large","max-video-preview":"max-video-preview:-1"},"canonical":"https:\/\/www.anecblau.com\/ca\/aspectos-esenciales-club-de-los-disfrutones\/","og_locale":"ca_ES","og_type":"article","og_title":"Aspectos Esenciales Club de los Disfrutones | Centro Comercial \u00c0necblau","og_description":"Aspectes essencials club dels gaudimentsASPECTES ESSENCIALS DE L\u2019ACORD DE CORRESPONSABILITAT ENTRE GRUPO LAR INVERSIONES INMOBILIARIAS, COMUNITAT DE","og_url":"https:\/\/www.anecblau.com\/ca\/aspectos-esenciales-club-de-los-disfrutones\/","og_site_name":"Centro Comercial \u00c0necblau","article_modified_time":"2025-09-09T10:05:34+00:00","twitter_card":"summary_large_image","twitter_misc":{"Est. reading time":"4 minutes"},"schema":{"@context":"https:\/\/schema.org","@graph":[{"@type":"WebPage","@id":"https:\/\/www.anecblau.com\/ca\/aspectos-esenciales-club-de-los-disfrutones\/","url":"https:\/\/www.anecblau.com\/ca\/aspectos-esenciales-club-de-los-disfrutones\/","name":"Aspectos Esenciales Club de los Disfrutones | Centro Comercial \u00c0necblau","isPartOf":{"@id":"https:\/\/www.anecblau.com\/ca\/#website"},"datePublished":"2025-09-09T10:04:55+00:00","dateModified":"2025-09-09T10:05:34+00:00","description":"Aspectes essencials club dels gaudimentsASPECTES ESSENCIALS DE L\u2019ACORD DE CORRESPONSABILITAT ENTRE GRUPO LAR INVERSIONES INMOBILIARIAS, COMUNITAT DE","breadcrumb":{"@id":"https:\/\/www.anecblau.com\/ca\/aspectos-esenciales-club-de-los-disfrutones\/#breadcrumb"},"inLanguage":"ca-ES","potentialAction":[{"@type":"ReadAction","target":["https:\/\/www.anecblau.com\/ca\/aspectos-esenciales-club-de-los-disfrutones\/"]}]},{"@type":"BreadcrumbList","@id":"https:\/\/www.anecblau.com\/ca\/aspectos-esenciales-club-de-los-disfrutones\/#breadcrumb","itemListElement":[{"@type":"ListItem","position":1,"name":"Portada","item":"https:\/\/www.anecblau.com\/ca\/"},{"@type":"ListItem","position":2,"name":"Aspectos Esenciales Club de los Disfrutones"}]},{"@type":"WebSite","@id":"https:\/\/www.anecblau.com\/ca\/#website","url":"https:\/\/www.anecblau.com\/ca\/","name":"Centro Comercial \u00c0necblau","description":"Centro Comercial | \u00c0necblau","publisher":{"@id":"https:\/\/www.anecblau.com\/ca\/#organization"},"potentialAction":[{"@type":"SearchAction","target":{"@type":"EntryPoint","urlTemplate":"https:\/\/www.anecblau.com\/ca\/?s={search_term_string}"},"query-input":{"@type":"PropertyValueSpecification","valueRequired":true,"valueName":"search_term_string"}}],"inLanguage":"ca-ES"},{"@type":"Organization","@id":"https:\/\/www.anecblau.com\/ca\/#organization","name":"Anecblau","alternateName":"Centro Comercial | \u00c0necblau","url":"https:\/\/www.anecblau.com\/ca\/","logo":{"@type":"ImageObject","inLanguage":"ca-ES","@id":"https:\/\/www.anecblau.com\/ca\/#\/schema\/logo\/image\/","url":"https:\/\/www.anecblau.com\/wp-content\/uploads\/2021\/04\/anecblau-logo-diciembrecolor.svg","contentUrl":"https:\/\/www.anecblau.com\/wp-content\/uploads\/2021\/04\/anecblau-logo-diciembrecolor.svg","width":1,"height":1,"caption":"Anecblau"},"image":{"@id":"https:\/\/www.anecblau.com\/ca\/#\/schema\/logo\/image\/"}}]}},"publishpress_future_action":{"enabled":false,"date":"2026-05-09 17:35:02","action":"change-status","newStatus":"draft","terms":[],"taxonomy":"translation_priority"},"publishpress_future_workflow_manual_trigger":{"enabledWorkflows":[]},"_links":{"self":[{"href":"https:\/\/www.anecblau.com\/ca\/wp-json\/wp\/v2\/pages\/84768","targetHints":{"allow":["GET"]}}],"collection":[{"href":"https:\/\/www.anecblau.com\/ca\/wp-json\/wp\/v2\/pages"}],"about":[{"href":"https:\/\/www.anecblau.com\/ca\/wp-json\/wp\/v2\/types\/page"}],"author":[{"embeddable":true,"href":"https:\/\/www.anecblau.com\/ca\/wp-json\/wp\/v2\/users\/6"}],"replies":[{"embeddable":true,"href":"https:\/\/www.anecblau.com\/ca\/wp-json\/wp\/v2\/comments?post=84768"}],"version-history":[{"count":4,"href":"https:\/\/www.anecblau.com\/ca\/wp-json\/wp\/v2\/pages\/84768\/revisions"}],"predecessor-version":[{"id":84772,"href":"https:\/\/www.anecblau.com\/ca\/wp-json\/wp\/v2\/pages\/84768\/revisions\/84772"}],"wp:attachment":[{"href":"https:\/\/www.anecblau.com\/ca\/wp-json\/wp\/v2\/media?parent=84768"}],"curies":[{"name":"wp","href":"https:\/\/api.w.org\/{rel}","templated":true}]}}