{"id":85057,"date":"2025-09-09T13:54:08","date_gmt":"2025-09-09T11:54:08","guid":{"rendered":"https:\/\/ccanecblau.valordeley.es\/?page_id=85057"},"modified":"2025-09-09T13:55:27","modified_gmt":"2025-09-09T11:55:27","slug":"contacte","status":"publish","type":"page","link":"https:\/\/www.anecblau.com\/ca\/contacte\/","title":{"rendered":"Contacte"},"content":{"rendered":"\t\t<div data-elementor-type=\"wp-page\" data-elementor-id=\"85057\" class=\"elementor elementor-85057 elementor-76425\">\n\t\t\t\t\t\t<section class=\"elementor-section elementor-top-section elementor-element elementor-element-3cb03b9 elementor-section-height-min-height elementor-hidden-mobile elementor-hidden-tablet elementor-section-boxed elementor-section-height-default elementor-section-items-middle\" data-id=\"3cb03b9\" data-element_type=\"section\" data-settings=\"{&quot;background_background&quot;:&quot;classic&quot;}\">\n\t\t\t\t\t\t<div class=\"elementor-container elementor-column-gap-default\">\n\t\t\t\t\t<div class=\" elementor-column elementor-col-100 elementor-top-column elementor-element elementor-element-383fe0d\" data-fullscreen-column-settings=\"{&quot;fullscreen&quot;:&quot;&quot;}\" data-id=\"383fe0d\" data-element_type=\"column\">\n\t\t\t<div class=\"elementor-widget-wrap\">\n\t\t\t\t\t\t\t<\/div>\n\t\t<\/div>\n\t\t\t\t\t<\/div>\n\t\t<\/section>\n\t\t<div class=\"elementor-element elementor-element-aa19768 e-flex e-con-boxed e-con e-parent\" data-id=\"aa19768\" data-element_type=\"container\" data-settings=\"{&quot;background_background&quot;:&quot;classic&quot;}\">\n\t\t\t\t\t<div class=\"e-con-inner\">\n\t\t<div class=\"elementor-element elementor-element-33839d0 e-con-full e-flex e-con e-child\" data-id=\"33839d0\" data-element_type=\"container\">\n\t\t\t\t<div class=\"elementor-element elementor-element-9ca5a60 elementor-widget elementor-widget-heading\" data-id=\"9ca5a60\" data-element_type=\"widget\" data-widget_type=\"heading.default\">\n\t\t\t\t<div class=\"elementor-widget-container\">\n\t\t\t\t\t<h1 class=\"elementor-heading-title elementor-size-default\">Contacte<\/h1>\t\t\t\t<\/div>\n\t\t\t\t<\/div>\n\t\t\t\t<\/div>\n\t\t\t\t\t<\/div>\n\t\t\t\t<\/div>\n\t\t<div class=\"elementor-element elementor-element-339aa34 e-flex e-con-boxed e-con e-parent\" data-id=\"339aa34\" data-element_type=\"container\">\n\t\t\t\t\t<div class=\"e-con-inner\">\n\t\t<div class=\"elementor-element elementor-element-a9803dc e-con-full e-flex e-con e-child\" data-id=\"a9803dc\" data-element_type=\"container\" data-settings=\"{&quot;background_background&quot;:&quot;classic&quot;}\">\n\t\t\t\t<div class=\"elementor-element elementor-element-fe1baac elementor-widget elementor-widget-text-editor\" data-id=\"fe1baac\" data-element_type=\"widget\" data-widget_type=\"text-editor.default\">\n\t\t\t\t<div class=\"elementor-widget-container\">\n\t\t\t\t\t\t\t\t\t<p>Al Centre Comercial \u00c0necblau, et donem la benvinguda a la nostra p\u00e0gina web. Aqu\u00ed pots contactar-nos. Estem a la teva disposici\u00f3 per rebre les teves <strong>suggestions i comentaris<\/strong> per millorar la teva propera visita. <strong>Et esperem aviat a \u00c0necblau!<\/strong><\/p>\t\t\t\t\t\t\t\t<\/div>\n\t\t\t\t<\/div>\n\t\t\t\t<div class=\"elementor-element elementor-element-258e353 elementor-widget elementor-widget-image\" data-id=\"258e353\" data-element_type=\"widget\" data-widget_type=\"image.default\">\n\t\t\t\t<div class=\"elementor-widget-container\">\n\t\t\t\t\t\t\t\t\t\t\t\t\t\t\t<img fetchpriority=\"high\" decoding=\"async\" width=\"902\" height=\"854\" src=\"https:\/\/www.anecblau.com\/wp-content\/uploads\/2024\/09\/image-18.png\" class=\"attachment-large size-large wp-image-85058\" alt=\"\" srcset=\"https:\/\/www.anecblau.com\/wp-content\/uploads\/2024\/09\/image-18.png 902w, https:\/\/www.anecblau.com\/wp-content\/uploads\/2024\/09\/image-18-300x284.png 300w, https:\/\/www.anecblau.com\/wp-content\/uploads\/2024\/09\/image-18-768x727.png 768w, https:\/\/www.anecblau.com\/wp-content\/uploads\/2024\/09\/image-18-200x189.png 200w\" sizes=\"(max-width: 902px) 100vw, 902px\" \/>\t\t\t\t\t\t\t\t\t\t\t\t\t\t\t<\/div>\n\t\t\t\t<\/div>\n\t\t\t\t<\/div>\n\t\t<div class=\"elementor-element elementor-element-1054c5c e-con-full e-flex e-con e-child\" data-id=\"1054c5c\" data-element_type=\"container\">\n\t\t\t\t<div class=\"elementor-element elementor-element-0ddcec7 elementor-widget elementor-widget-litho-contact-form\" data-id=\"0ddcec7\" data-element_type=\"widget\" data-widget_type=\"litho-contact-form.default\">\n\t\t\t\t<div class=\"elementor-widget-container\">\n\t\t\t\t\t\t\t\t<div class=\"contact-form-wrapper\">\n\t\t\t\t\n<div class=\"wpcf7 no-js\" id=\"wpcf7-f85051-o1\" lang=\"es-ES\" dir=\"ltr\" data-wpcf7-id=\"85051\">\n<div class=\"screen-reader-response\"><p role=\"status\" aria-live=\"polite\" aria-atomic=\"true\"><\/p> <ul><\/ul><\/div>\n<form action=\"\/ca\/wp-json\/wp\/v2\/pages\/85057#wpcf7-f85051-o1\" method=\"post\" class=\"wpcf7-form init\" aria-label=\"Contact form\" novalidate=\"novalidate\" data-status=\"init\">\n<fieldset class=\"hidden-fields-container\"><input type=\"hidden\" name=\"_wpcf7\" value=\"85051\" \/><input type=\"hidden\" name=\"_wpcf7_version\" value=\"6.1\" \/><input type=\"hidden\" name=\"_wpcf7_locale\" value=\"es_ES\" \/><input type=\"hidden\" name=\"_wpcf7_unit_tag\" value=\"wpcf7-f85051-o1\" \/><input type=\"hidden\" name=\"_wpcf7_container_post\" value=\"0\" \/><input type=\"hidden\" name=\"_wpcf7_posted_data_hash\" value=\"\" \/>\n<\/fieldset>\n<p><label> El teu nom (obligatori)<br \/>\n<span class=\"wpcf7-form-control-wrap\" data-name=\"your-name\"><input size=\"40\" maxlength=\"400\" class=\"wpcf7-form-control wpcf7-text wpcf7-validates-as-required\" aria-required=\"true\" aria-invalid=\"false\" value=\"\" type=\"text\" name=\"your-name\" \/><\/span> <\/label>\n<\/p>\n<p><label> El teu correu electr\u00f2nic (obligatori)<br \/>\n<span class=\"wpcf7-form-control-wrap\" data-name=\"your-email\"><input size=\"40\" maxlength=\"400\" class=\"wpcf7-form-control wpcf7-email wpcf7-validates-as-required wpcf7-text wpcf7-validates-as-email\" aria-required=\"true\" aria-invalid=\"false\" value=\"\" type=\"email\" name=\"your-email\" \/><\/span> <\/label>\n<\/p>\n<p><label> Assumpte<br \/>\n<span class=\"wpcf7-form-control-wrap\" data-name=\"your-subject\"><input size=\"40\" maxlength=\"400\" class=\"wpcf7-form-control wpcf7-text\" aria-invalid=\"false\" value=\"\" type=\"text\" name=\"your-subject\" \/><\/span> <\/label>\n<\/p>\n<p><label> El teu missatge<br \/>\n<span class=\"wpcf7-form-control-wrap\" data-name=\"your-message\"><textarea cols=\"40\" rows=\"10\" maxlength=\"2000\" class=\"wpcf7-form-control wpcf7-textarea\" aria-invalid=\"false\" name=\"your-message\"><\/textarea><\/span> <\/label>\n<\/p>\n<div id=\"basic-info-dp\">\n\t<p style=\"font-size: 14px; line-height: 17px; margin: 0;\"><strong>PROTECCI\u00d3 DE DADES:<\/strong> Reglament (UE) 2016\/679 RGPD i LOPDGDD 3\/2018. COMUNITAT DE PROPIETARIS CENTRE COMERCIAL \u00c0NECBLAU, com a responsable del tractament, tractar\u00e0 les teves dades per atendre les teves sol\u00b7licituds d\u2019informaci\u00f3, dubtes, consultes, suggeriments o queixes. Podr\u00e0s exercir els drets d\u2019acc\u00e9s, rectificaci\u00f3 i supressi\u00f3 de les dades, entre d\u2019altres, tal com s\u2019explica a la informaci\u00f3 addicional que tens a la teva disposici\u00f3 a l\u2019apartat de <a href=\"https:\/\/www.anecblau.com\/politica-de-privacidad\/\" target=\"_blank\">Pol\u00edtica de Privacitat<\/a>.\n\t<\/p>\n<\/div>\n<p><input class=\"wpcf7-form-control wpcf7-submit has-spinner\" type=\"submit\" value=\"Enviar\" \/>\n<\/p><input type='hidden' class='wpcf7-pum' value='{\"closepopup\":false,\"closedelay\":0,\"openpopup\":false,\"openpopup_id\":0}' \/><div class=\"wpcf7-response-output\" aria-hidden=\"true\"><\/div>\n<\/form>\n<\/div>\n\t\t\t<\/div>\n\t\t\t\t\t\t\t<\/div>\n\t\t\t\t<\/div>\n\t\t\t\t<\/div>\n\t\t\t\t\t<\/div>\n\t\t\t\t<\/div>\n\t\t\t\t<\/div>\n\t\t","protected":false},"excerpt":{"rendered":"<p>Contacte Al Centre Comercial \u00c0necblau, et donem la benvinguda a la nostra p\u00e0gina web. Aqu\u00ed pots contactar-nos. Estem a la teva disposici\u00f3 per rebre les teves suggestions i comentaris per millorar la teva propera visita. Et esperem aviat a \u00c0necblau! El teu nom (obligatori) El teu correu electr\u00f2nic (obligatori) Assumpte El teu missatge PROTECCI\u00d3 DE [&hellip;]<\/p>\n","protected":false},"author":6,"featured_media":0,"parent":0,"menu_order":233,"comment_status":"closed","ping_status":"closed","template":"","meta":{"footnotes":""},"class_list":["post-85057","page","type-page","status-publish","hentry"],"yoast_head":"<!-- This site is optimized with the Yoast SEO plugin v25.4 - https:\/\/yoast.com\/wordpress\/plugins\/seo\/ -->\n<title>Contacte | Centro Comercial \u00c0necblau<\/title>\n<meta name=\"description\" content=\"Contacte Al Centre Comercial \u00c0necblau, et donem la benvinguda a la nostra p\u00e0gina web. Aqu\u00ed pots contactar-nos. Estem a la teva disposici\u00f3 per rebre les\" \/>\n<meta name=\"robots\" content=\"index, follow, max-snippet:-1, max-image-preview:large, max-video-preview:-1\" \/>\n<link rel=\"canonical\" href=\"https:\/\/www.anecblau.com\/ca\/contacte\/\" \/>\n<meta property=\"og:locale\" content=\"ca_ES\" \/>\n<meta property=\"og:type\" content=\"article\" \/>\n<meta property=\"og:title\" content=\"Contacte | Centro Comercial \u00c0necblau\" \/>\n<meta property=\"og:description\" content=\"Contacte Al Centre Comercial \u00c0necblau, et donem la benvinguda a la nostra p\u00e0gina web. Aqu\u00ed pots contactar-nos. Estem a la teva disposici\u00f3 per rebre les\" \/>\n<meta property=\"og:url\" content=\"https:\/\/www.anecblau.com\/ca\/contacte\/\" \/>\n<meta property=\"og:site_name\" content=\"Centro Comercial \u00c0necblau\" \/>\n<meta property=\"article:modified_time\" content=\"2025-09-09T11:55:27+00:00\" \/>\n<meta property=\"og:image\" content=\"https:\/\/www.anecblau.com\/wp-content\/uploads\/2024\/09\/image-18.png\" \/>\n<meta name=\"twitter:card\" content=\"summary_large_image\" \/>\n<meta name=\"twitter:label1\" content=\"Est. reading time\" \/>\n\t<meta name=\"twitter:data1\" content=\"1 minute\" \/>\n<!-- \/ Yoast SEO plugin. -->","yoast_head_json":{"title":"Contacte | Centro Comercial \u00c0necblau","description":"Contacte Al Centre Comercial \u00c0necblau, et donem la benvinguda a la nostra p\u00e0gina web. Aqu\u00ed pots contactar-nos. Estem a la teva disposici\u00f3 per rebre les","robots":{"index":"index","follow":"follow","max-snippet":"max-snippet:-1","max-image-preview":"max-image-preview:large","max-video-preview":"max-video-preview:-1"},"canonical":"https:\/\/www.anecblau.com\/ca\/contacte\/","og_locale":"ca_ES","og_type":"article","og_title":"Contacte | Centro Comercial \u00c0necblau","og_description":"Contacte Al Centre Comercial \u00c0necblau, et donem la benvinguda a la nostra p\u00e0gina web. Aqu\u00ed pots contactar-nos. Estem a la teva disposici\u00f3 per rebre les","og_url":"https:\/\/www.anecblau.com\/ca\/contacte\/","og_site_name":"Centro Comercial \u00c0necblau","article_modified_time":"2025-09-09T11:55:27+00:00","og_image":[{"url":"https:\/\/www.anecblau.com\/wp-content\/uploads\/2024\/09\/image-18.png","type":"","width":"","height":""}],"twitter_card":"summary_large_image","twitter_misc":{"Est. reading time":"1 minute"},"schema":{"@context":"https:\/\/schema.org","@graph":[{"@type":"WebPage","@id":"https:\/\/www.anecblau.com\/ca\/contacte\/","url":"https:\/\/www.anecblau.com\/ca\/contacte\/","name":"Contacte | Centro Comercial \u00c0necblau","isPartOf":{"@id":"https:\/\/www.anecblau.com\/ca\/#website"},"primaryImageOfPage":{"@id":"https:\/\/www.anecblau.com\/ca\/contacte\/#primaryimage"},"image":{"@id":"https:\/\/www.anecblau.com\/ca\/contacte\/#primaryimage"},"thumbnailUrl":"https:\/\/www.anecblau.com\/wp-content\/uploads\/2024\/09\/image-18.png","datePublished":"2025-09-09T11:54:08+00:00","dateModified":"2025-09-09T11:55:27+00:00","description":"Contacte Al Centre Comercial \u00c0necblau, et donem la benvinguda a la nostra p\u00e0gina web. Aqu\u00ed pots contactar-nos. Estem a la teva disposici\u00f3 per rebre les","breadcrumb":{"@id":"https:\/\/www.anecblau.com\/ca\/contacte\/#breadcrumb"},"inLanguage":"ca-ES","potentialAction":[{"@type":"ReadAction","target":["https:\/\/www.anecblau.com\/ca\/contacte\/"]}]},{"@type":"ImageObject","inLanguage":"ca-ES","@id":"https:\/\/www.anecblau.com\/ca\/contacte\/#primaryimage","url":"https:\/\/www.anecblau.com\/wp-content\/uploads\/2024\/09\/image-18.png","contentUrl":"https:\/\/www.anecblau.com\/wp-content\/uploads\/2024\/09\/image-18.png"},{"@type":"BreadcrumbList","@id":"https:\/\/www.anecblau.com\/ca\/contacte\/#breadcrumb","itemListElement":[{"@type":"ListItem","position":1,"name":"Portada","item":"https:\/\/www.anecblau.com\/ca\/"},{"@type":"ListItem","position":2,"name":"Contacte"}]},{"@type":"WebSite","@id":"https:\/\/www.anecblau.com\/ca\/#website","url":"https:\/\/www.anecblau.com\/ca\/","name":"Centro Comercial \u00c0necblau","description":"Centro Comercial | \u00c0necblau","publisher":{"@id":"https:\/\/www.anecblau.com\/ca\/#organization"},"potentialAction":[{"@type":"SearchAction","target":{"@type":"EntryPoint","urlTemplate":"https:\/\/www.anecblau.com\/ca\/?s={search_term_string}"},"query-input":{"@type":"PropertyValueSpecification","valueRequired":true,"valueName":"search_term_string"}}],"inLanguage":"ca-ES"},{"@type":"Organization","@id":"https:\/\/www.anecblau.com\/ca\/#organization","name":"Anecblau","alternateName":"Centro Comercial | \u00c0necblau","url":"https:\/\/www.anecblau.com\/ca\/","logo":{"@type":"ImageObject","inLanguage":"ca-ES","@id":"https:\/\/www.anecblau.com\/ca\/#\/schema\/logo\/image\/","url":"https:\/\/www.anecblau.com\/wp-content\/uploads\/2021\/04\/anecblau-logo-diciembrecolor.svg","contentUrl":"https:\/\/www.anecblau.com\/wp-content\/uploads\/2021\/04\/anecblau-logo-diciembrecolor.svg","width":1,"height":1,"caption":"Anecblau"},"image":{"@id":"https:\/\/www.anecblau.com\/ca\/#\/schema\/logo\/image\/"}}]}},"publishpress_future_action":{"enabled":false,"date":"2026-04-12 04:36:41","action":"change-status","newStatus":"draft","terms":[],"taxonomy":"translation_priority"},"publishpress_future_workflow_manual_trigger":{"enabledWorkflows":[]},"_links":{"self":[{"href":"https:\/\/www.anecblau.com\/ca\/wp-json\/wp\/v2\/pages\/85057","targetHints":{"allow":["GET"]}}],"collection":[{"href":"https:\/\/www.anecblau.com\/ca\/wp-json\/wp\/v2\/pages"}],"about":[{"href":"https:\/\/www.anecblau.com\/ca\/wp-json\/wp\/v2\/types\/page"}],"author":[{"embeddable":true,"href":"https:\/\/www.anecblau.com\/ca\/wp-json\/wp\/v2\/users\/6"}],"replies":[{"embeddable":true,"href":"https:\/\/www.anecblau.com\/ca\/wp-json\/wp\/v2\/comments?post=85057"}],"version-history":[{"count":5,"href":"https:\/\/www.anecblau.com\/ca\/wp-json\/wp\/v2\/pages\/85057\/revisions"}],"predecessor-version":[{"id":85063,"href":"https:\/\/www.anecblau.com\/ca\/wp-json\/wp\/v2\/pages\/85057\/revisions\/85063"}],"wp:attachment":[{"href":"https:\/\/www.anecblau.com\/ca\/wp-json\/wp\/v2\/media?parent=85057"}],"curies":[{"name":"wp","href":"https:\/\/api.w.org\/{rel}","templated":true}]}}