{"id":78913,"date":"2025-02-19T11:49:48","date_gmt":"2025-02-19T10:49:48","guid":{"rendered":"https:\/\/portaldelamarina.valordeley.es\/?page_id=78913"},"modified":"2025-10-20T14:25:16","modified_gmt":"2025-10-20T12:25:16","slug":"promotions","status":"publish","type":"page","link":"https:\/\/www.anecblau.com\/en\/promotions\/","title":{"rendered":"Promotions"},"content":{"rendered":"\t\t<div data-elementor-type=\"wp-page\" data-elementor-id=\"78913\" class=\"elementor elementor-78913 elementor-77054\">\n\t\t\t\t\t\t<section class=\"elementor-section elementor-top-section elementor-element elementor-element-9438d87 elementor-section-height-min-height elementor-hidden-mobile elementor-hidden-tablet elementor-section-boxed elementor-section-height-default elementor-section-items-middle\" data-id=\"9438d87\" data-element_type=\"section\" data-settings=\"{&quot;background_background&quot;:&quot;classic&quot;}\">\n\t\t\t\t\t\t<div class=\"elementor-container elementor-column-gap-default\">\n\t\t\t\t\t<div class=\" elementor-column elementor-col-100 elementor-top-column elementor-element elementor-element-aec97d9\" data-fullscreen-column-settings=\"{&quot;fullscreen&quot;:&quot;&quot;}\" data-id=\"aec97d9\" data-element_type=\"column\">\n\t\t\t<div class=\"elementor-widget-wrap\">\n\t\t\t\t\t\t\t<\/div>\n\t\t<\/div>\n\t\t\t\t\t<\/div>\n\t\t<\/section>\n\t\t<div class=\"elementor-element elementor-element-fb0b559 e-flex e-con-boxed e-con e-parent\" data-id=\"fb0b559\" data-element_type=\"container\" data-settings=\"{&quot;background_background&quot;:&quot;classic&quot;}\">\n\t\t\t\t\t<div class=\"e-con-inner\">\n\t\t<div class=\"elementor-element elementor-element-e86fead e-con-full e-flex e-con e-child\" data-id=\"e86fead\" data-element_type=\"container\">\n\t\t\t\t<div class=\"elementor-element elementor-element-5e14509 elementor-widget elementor-widget-heading\" data-id=\"5e14509\" data-element_type=\"widget\" data-widget_type=\"heading.default\">\n\t\t\t\t<div class=\"elementor-widget-container\">\n\t\t\t\t\t<h1 class=\"elementor-heading-title elementor-size-default\">Promotions<\/h1>\t\t\t\t<\/div>\n\t\t\t\t<\/div>\n\t\t\t\t<\/div>\n\t\t\t\t\t<\/div>\n\t\t\t\t<\/div>\n\t\t\t\t<section class=\"elementor-section elementor-top-section elementor-element elementor-element-ebc91fd elementor-section-boxed elementor-section-height-default elementor-section-height-default\" data-id=\"ebc91fd\" data-element_type=\"section\">\n\t\t\t\t\t\t<div class=\"elementor-container elementor-column-gap-default\">\n\t\t\t\t\t<div class=\" elementor-column elementor-col-100 elementor-top-column elementor-element elementor-element-712fa57\" data-fullscreen-column-settings=\"{&quot;fullscreen&quot;:&quot;&quot;}\" data-id=\"712fa57\" data-element_type=\"column\">\n\t\t\t<div class=\"elementor-widget-wrap elementor-element-populated\">\n\t\t\t\t\t\t<div class=\"elementor-element elementor-element-3a7b758 elementor-widget elementor-widget-shortcode\" data-id=\"3a7b758\" data-element_type=\"widget\" data-widget_type=\"shortcode.default\">\n\t\t\t\t<div class=\"elementor-widget-container\">\n\t\t\t\t\t\t\t<div class=\"elementor-shortcode\">\n            <div class=\"no-promociones-mensaje\" style=\"text-align: center; padding: 40px 20px; border: 1px solid #e0e0e0; border-radius: 5px; background-color: #f9f9f9;\">\n                <p style=\"font-size: 1.2em; margin-bottom: 20px;\">Actualmente no tenemos ninguna promoci\u00f3n activa, por favor int\u00e9ntelo de nuevo m\u00e1s tarde.<\/p>\n                <p>Mientras tanto, le invitamos a navegar por nuestra secci\u00f3n de <a href=\"\/tiendas\">tiendas<\/a> y <a href=\"\/restaurantes\">restaurantes<\/a>.<\/p>\n            <\/div><\/div>\n\t\t\t\t\t\t<\/div>\n\t\t\t\t<\/div>\n\t\t\t\t\t<\/div>\n\t\t<\/div>\n\t\t\t\t\t<\/div>\n\t\t<\/section>\n\t\t\t\t<\/div>\n\t\t","protected":false},"excerpt":{"rendered":"<p>Promotions<\/p>\n","protected":false},"author":8,"featured_media":0,"parent":0,"menu_order":233,"comment_status":"closed","ping_status":"closed","template":"","meta":{"footnotes":""},"class_list":["post-78913","page","type-page","status-publish","hentry"],"yoast_head":"<!-- This site is optimized with the Yoast SEO plugin v25.4 - https:\/\/yoast.com\/wordpress\/plugins\/seo\/ -->\n<title>Promotions | Centro Comercial Anecblau<\/title>\n<meta name=\"description\" content=\"Promotions\" \/>\n<meta name=\"robots\" content=\"noindex, nofollow\" \/>\n<meta property=\"og:locale\" content=\"en_US\" \/>\n<meta property=\"og:type\" content=\"article\" \/>\n<meta property=\"og:title\" content=\"Promotions | Centro Comercial Anecblau\" \/>\n<meta property=\"og:description\" content=\"Promotions\" \/>\n<meta property=\"og:url\" content=\"https:\/\/www.anecblau.com\/en\/promotions\/\" \/>\n<meta property=\"og:site_name\" content=\"Centro Comercial Anecblau\" \/>\n<meta property=\"article:modified_time\" content=\"2025-10-20T12:25:16+00:00\" \/>\n<meta name=\"twitter:card\" content=\"summary_large_image\" \/>\n<meta name=\"twitter:label1\" content=\"Est. reading time\" \/>\n\t<meta name=\"twitter:data1\" content=\"1 minute\" \/>\n<!-- \/ Yoast SEO plugin. -->","yoast_head_json":{"title":"Promotions | Centro Comercial Anecblau","description":"Promotions","robots":{"index":"noindex","follow":"nofollow"},"og_locale":"en_US","og_type":"article","og_title":"Promotions | Centro Comercial Anecblau","og_description":"Promotions","og_url":"https:\/\/www.anecblau.com\/en\/promotions\/","og_site_name":"Centro Comercial Anecblau","article_modified_time":"2025-10-20T12:25:16+00:00","twitter_card":"summary_large_image","twitter_misc":{"Est. reading time":"1 minute"},"schema":{"@context":"https:\/\/schema.org","@graph":[{"@type":"WebPage","@id":"https:\/\/www.anecblau.com\/en\/promotions\/","url":"https:\/\/www.anecblau.com\/en\/promotions\/","name":"Promotions | Centro Comercial Anecblau","isPartOf":{"@id":"https:\/\/www.anecblau.com\/en\/#website"},"datePublished":"2025-02-19T10:49:48+00:00","dateModified":"2025-10-20T12:25:16+00:00","description":"Promotions","breadcrumb":{"@id":"https:\/\/www.anecblau.com\/en\/promotions\/#breadcrumb"},"inLanguage":"en-US","potentialAction":[{"@type":"ReadAction","target":["https:\/\/www.anecblau.com\/en\/promotions\/"]}]},{"@type":"BreadcrumbList","@id":"https:\/\/www.anecblau.com\/en\/promotions\/#breadcrumb","itemListElement":[{"@type":"ListItem","position":1,"name":"Portada","item":"https:\/\/www.anecblau.com\/en\/"},{"@type":"ListItem","position":2,"name":"Promotions"}]},{"@type":"WebSite","@id":"https:\/\/www.anecblau.com\/en\/#website","url":"https:\/\/www.anecblau.com\/en\/","name":"Centro Comercial \u00c0necblau","description":"Centro Comercial Anecblau","publisher":{"@id":"https:\/\/www.anecblau.com\/en\/#organization"},"potentialAction":[{"@type":"SearchAction","target":{"@type":"EntryPoint","urlTemplate":"https:\/\/www.anecblau.com\/en\/?s={search_term_string}"},"query-input":{"@type":"PropertyValueSpecification","valueRequired":true,"valueName":"search_term_string"}}],"inLanguage":"en-US"},{"@type":"Organization","@id":"https:\/\/www.anecblau.com\/en\/#organization","name":"Anecblau","alternateName":"Centro Comercial | \u00c0necblau","url":"https:\/\/www.anecblau.com\/en\/","logo":{"@type":"ImageObject","inLanguage":"en-US","@id":"https:\/\/www.anecblau.com\/en\/#\/schema\/logo\/image\/","url":"https:\/\/www.anecblau.com\/wp-content\/uploads\/2021\/04\/anecblau-logo-diciembrecolor.svg","contentUrl":"https:\/\/www.anecblau.com\/wp-content\/uploads\/2021\/04\/anecblau-logo-diciembrecolor.svg","width":1,"height":1,"caption":"Anecblau"},"image":{"@id":"https:\/\/www.anecblau.com\/en\/#\/schema\/logo\/image\/"}}]}},"publishpress_future_action":{"enabled":false,"date":"2026-05-05 18:53:42","action":"change-status","newStatus":"draft","terms":[],"taxonomy":"translation_priority"},"publishpress_future_workflow_manual_trigger":{"enabledWorkflows":[]},"_links":{"self":[{"href":"https:\/\/www.anecblau.com\/en\/wp-json\/wp\/v2\/pages\/78913","targetHints":{"allow":["GET"]}}],"collection":[{"href":"https:\/\/www.anecblau.com\/en\/wp-json\/wp\/v2\/pages"}],"about":[{"href":"https:\/\/www.anecblau.com\/en\/wp-json\/wp\/v2\/types\/page"}],"author":[{"embeddable":true,"href":"https:\/\/www.anecblau.com\/en\/wp-json\/wp\/v2\/users\/8"}],"replies":[{"embeddable":true,"href":"https:\/\/www.anecblau.com\/en\/wp-json\/wp\/v2\/comments?post=78913"}],"version-history":[{"count":5,"href":"https:\/\/www.anecblau.com\/en\/wp-json\/wp\/v2\/pages\/78913\/revisions"}],"predecessor-version":[{"id":85296,"href":"https:\/\/www.anecblau.com\/en\/wp-json\/wp\/v2\/pages\/78913\/revisions\/85296"}],"wp:attachment":[{"href":"https:\/\/www.anecblau.com\/en\/wp-json\/wp\/v2\/media?parent=78913"}],"curies":[{"name":"wp","href":"https:\/\/api.w.org\/{rel}","templated":true}]}}